{"id":21951,"date":"2025-03-10T18:19:21","date_gmt":"2025-03-10T17:19:21","guid":{"rendered":"https:\/\/swisssabers.ch\/shop\/obi-wan-se-lichtschwert\/"},"modified":"2026-03-03T11:46:08","modified_gmt":"2026-03-03T10:46:08","slug":"obi-wan-se-lichtschwert","status":"publish","type":"product","link":"https:\/\/swisssabers.ch\/it\/negozio\/obi-wan-se-lichtschwert\/","title":{"rendered":"Spada Laser Obi-Wan SE | Edizione\n  Semplificata"},"content":{"rendered":"<p>Le nostre spade laser sono caratterizzate da una lavorazione di alta qualit\u00e0. L&#8217;impugnatura \u00e8 in metallo (lega di alluminio) e la lama \u00e8 in robusto policarbonato. Il design ergonomico consente un&#8217;oscillazione precisa e senza sforzo. Hanno molti colori di lama, caratteri sonori, modalit\u00e0 ed effetti regolabili. Sono ideali per tutti i fan di Star Wars, sia Jedi che Sith, per i cosplayer o semplicemente per l&#8217;esposizione e la decorazione di collezionisti e appassionati.     La versione RGB pu\u00f2 essere utilizzata anche per i duelli.<\/p>\n<ul>\n<li>16\/34+ (RGB\/pixel) font audio preinstallati<\/li>\n<li>Colori delle lame regolabili illimitati<\/li>\n<li>Tavola armonica sensibile Smooth Swing<\/li>\n<li>Connettiti con l&#8217;app e regola le impostazioni con lo smartphone<\/li>\n<li>Batteria agli ioni di litio ricaricabile e sostituibile<\/li>\n<li>Manico: alluminio, lungo 30,7 cm<\/li>\n<li>Lama: policarbonato a diffusione luminosa (PC), lunga 92 cm e con un diametro di 1\u2033 (2,54 cm).<\/li>\n<li>Pu\u00f2 essere collegata per formare una spada laser a doppia lama: No<\/li>\n<li>Pu\u00f2 essere attaccato alla fibbia della cintura: S\u00ec (l&#8217;anello di trasporto \u00e8 gi\u00e0 installato)<\/li>\n<\/ul>\n<p>Questo modello \u00e8 disponibile in due versioni. Puoi trovare maggiori informazioni alla pagina<a href=\"https:\/\/swisssabers.ch\/it\/rgb-oder-pixel\/\">&#8220;RGB o Pixel?<\/a>&#8220;. <\/p>\n<p><u>La consegna comprende:<\/u> impugnatura della spada laser, <em>lama<\/em> <em>RGB<\/em>o <em>Neopixel<\/em>, caricabatterie e cavo di ricarica, istruzioni per l&#8217;uso, viti per il montaggio + viti di ricambio, utensile (chiave a brugola), scheda SD con adattatore USB (solo Pixel).<\/p>\n<hr>\n<h4 style=\"text-align: left;\"><strong>Sensibile oscillazione liscia<\/strong>:<\/h4>\n<p style=\"text-align: left; padding-left: 40px;\">La spada laser reagisce alle oscillazioni e agli impatti con suoni ed effetti realistici.<\/p>\n<h4 style=\"text-align: left;\"><strong>Colori delle lame regolabili<\/strong>:<\/h4>\n<p style=\"text-align: left; padding-left: 40px;\">Personalizza il colore della lama come desideri (rosso, blu, verde, viola, giallo, bianco e molto altro).<\/p>\n<h4 style=\"text-align: left;\"><strong>Font sonore coinvolgenti<\/strong>:<\/h4>\n<p style=\"text-align: left; padding-left: 40px;\">Scegli tra 16 (RGB) e 34+ (Neopixel) font sonori o aggiungine di tuoi (la versione RGB richiede una scheda SD separata, gi\u00e0 disponibile per la versione Pixel).<\/p>\n<h4 style=\"text-align: left;\"><strong>Suoni ed effetti sonori<\/strong>:<\/h4>\n<p style=\"text-align: left; padding-left: 40px;\">Blocco, difesa da blaster, effetti sonori per gli impatti, volume regolabile e molto altro ancora.<\/p>\n<h4 style=\"text-align: left;\"><strong>Collegati allo smartphone<\/strong>:<\/h4>\n<p style=\"text-align: left; padding-left: 40px;\">Collega la tua spada laser via Bluetooth e regola i caratteri sonori, i colori della lama e altre impostazioni tramite l&#8217;app.<\/p>\n<h4 style=\"text-align: left;\"><strong>Controlli di movimento<\/strong>:<\/h4>\n<p style=\"text-align: left; padding-left: 40px;\">Per accendere la spada laser usa i gesti di movimento, come girare o spingere in avanti.<\/p>\n<h4 style=\"text-align: left;\"><strong>Batteria ricaricabile<\/strong>:<\/h4>\n<p style=\"text-align: left; padding-left: 40px;\">La batteria integrata agli ioni di litio pu\u00f2 essere facilmente ricaricata con il cavo di ricarica in dotazione.<\/p>\n<h4 style=\"text-align: left;\"><strong>Robusto manico in alluminio:<\/strong><\/h4>\n<p style=\"text-align: left; padding-left: 40px;\">Ogni impugnatura \u00e8 realizzata in lega di alluminio, il che rende la spada laser particolarmente pregiata e resistente.<\/p>\n<h4 style=\"text-align: left;\"><strong>Lama in policarbonato<\/strong>:<\/h4>\n<p style=\"text-align: left; padding-left: 40px;\">Se vuoi combattere un duello, la versione RGB \u00e8 la scelta migliore grazie alla sua robusta lama in policarbonato. La versione Pixel \u00e8 pi\u00f9 fragile a causa dei LED installati al suo interno e quindi non \u00e8 adatta ai combattimenti. <\/p>\n","protected":false},"excerpt":{"rendered":"<p>Le nostre spade laser sono caratterizzate da una lavorazione di alta qualit\u00e0. L&#8217;impugnatura \u00e8 in metallo (lega di alluminio) e la lama \u00e8 in robusto policarbonato. Il design ergonomico consente un&#8217;oscillazione precisa e senza sforzo. Hanno molti colori di lama, caratteri sonori, modalit\u00e0 ed effetti regolabili. Sono ideali per tutti i fan di Star Wars, [&hellip;]<\/p>\n","protected":false},"featured_media":21964,"template":"","meta":{"_acf_changed":false,"wds_primary_product_brand":0,"wds_primary_product_cat":0},"produkt-filter":[406,397,401,410,415],"product_brand":[],"product_cat":[344,363,334],"product_tag":[],"class_list":{"0":"post-21951","1":"product","2":"type-product","3":"status-publish","4":"has-post-thumbnail","6":"produkt-filter-kampftauglich-rgb-it","7":"produkt-filter-custom-lichtschwerter-it","8":"produkt-filter-replika-lichtschwerter-it","9":"produkt-filter-helle-seite-it","10":"produkt-filter-prequels-it","11":"product_cat-startseite-it-2","12":"product_cat-ohne-koffer-it","13":"product_cat-spade-da-combattimento","14":"pa_version-rgb-it","15":"pa_version-pixel-it","16":"wcpa_has_options","18":"first","19":"instock","20":"taxable","21":"shipping-taxable","22":"purchasable","23":"product-type-variable","24":"has-default-attributes"},"acf":[],"wcpa_form_fields":{"wcpaData":{"product":{"product_price":199,"price_html":"da <span class=\"woocommerce-Price-amount amount\"><bdi><span class=\"woocommerce-Price-currencySymbol\">&#67;&#72;&#70;<\/span>&nbsp;199.00<\/bdi><\/span>","original_product_price":199,"price_including_tax":199,"price_excluding_tax":184.088807000000002744855009950697422027587890625,"product_id":{"parent":21951,"variation":false},"is_variable":true,"stock_status":"instock","stock_quantity":null,"parent_sku":"","product_attributes":{"pa_version":{"is_variation":true,"values":[]}},"custom_fields":[],"is_taxable":true,"product_name":"Spada Laser Obi-Wan SE | Edizione\n  Semplificata","hasImage":false},"fields":{"sec_867d2e3cf793f5":{"extra":{"key":"sec_867d2e3cf793f5","section_id":"sec_867d2e3cf793f5","name":"Default","status":1,"cl_rule":"show","enableCl":false,"relations":[],"toggle":true,"title_tag":"h3","show_title":false,"showPrice":"default","form_id":22206,"form_rules":{"exclude_from_discount":false,"fee_label":"Geb\u00fchr","disp_hide_options_price":false,"disp_show_section_price":false,"disp_show_field_price":true,"layout_option":"standard","pric_use_as_fee":false,"process_fee_as":"woo_fee"},"layout_option":"standard"},"fields":[[{"active":true,"col":5,"relations":false,"cl_rule":"show","enableCl":false,"price":"","enablePrice":true,"className":"","label_position":"default","desc_position":"default","type":"image-group","required":false,"elementId":"image_1429953213","label":"Imballaggio","name":"image_1429953213","enable_popup":"all","multiple":false,"layOut":"col-2","img_selection_type":"tick","disp_type":"squircle","values":[{"label":"Scatola di cartone","value":"Kartonbox","selected":false,"image":"https:\/\/swisssabers.ch\/wp-content\/uploads\/2024\/06\/Karton.webp","thumb":"https:\/\/swisssabers.ch\/wp-content\/uploads\/2024\/06\/Karton-150x150.webp","tempId":"aco_5640","image_id":10601,"price":"0","thumb_src":"https:\/\/swisssabers.ch\/wp-content\/uploads\/2024\/06\/Karton-100x100.webp","gt_translate_keys":["label"]},{"label":"Custodia premium","value":"Premium Koffer","selected":false,"image":"https:\/\/swisssabers.ch\/wp-content\/uploads\/2025\/03\/Koffer-1.png","thumb":"https:\/\/swisssabers.ch\/wp-content\/uploads\/2025\/03\/Koffer-1-150x150.png","tempId":"aco_5641","image_id":21763,"price":"99","thumb_src":"https:\/\/swisssabers.ch\/wp-content\/uploads\/2025\/03\/Koffer-1-150x150.png","gt_translate_keys":["label"]}],"disp_size_img":{"width":75,"height":75},"error":false,"description":"","tooltip":"Questo prodotto viene fornito di serie in una scatola di cartone. Su richiesta, puoi effettuare l'upgrade alla elegante custodia premium.","priceOptions":"different_for_all","pricingType":"fixed","hideImageIn_cart":true,"hideImageIn_order":true,"hideImageIn_email":true,"gt_translate_keys":["label","description","tooltip"],"price_dependency":false,"cl_dependency":false,"value":""}]]},"sec_167d2dcab61d33":{"extra":{"key":"sec_167d2dcab61d33","section_id":"sec_167d2dcab61d33","name":"Default","status":1,"cl_rule":"show","enableCl":false,"relations":[],"toggle":true,"title_tag":"h3","show_title":false,"showPrice":"default","form_id":22209,"form_rules":{"exclude_from_discount":false,"fee_label":"Geb\u00fchr","disp_hide_options_price":false,"disp_show_section_price":false,"disp_show_field_price":true,"layout_option":"standard","pric_use_as_fee":false,"process_fee_as":"woo_fee"},"layout_option":"standard"},"fields":[[{"active":true,"col":6,"relations":[{"operator":"or","rules":[{"operator":"or","rules":{"cl_field":"product_ids","cl_relation":"is","cl_val":16829,"cl_field_sub":""}},{"operator":"or","rules":{"cl_field":"product_ids","cl_relation":"is","cl_val":16742}},{"operator":"or","rules":{"cl_field":"product_ids","cl_relation":"is","cl_val":16729}},{"operator":"or","rules":{"cl_field":"product_ids","cl_relation":"is","cl_val":17038}},{"operator":"or","rules":{"cl_field":"product_ids","cl_relation":"is","cl_val":21951}},{"operator":"AND","rules":{"cl_field":"product_ids","cl_relation":"is","cl_val":25515}}]}],"cl_rule":"hide","enableCl":true,"price":"","enablePrice":false,"className":"","label_position":"default","desc_position":"default","type":"select","required":false,"elementId":"select_8723212541","label":"Lunghezza della lama","name":"select_8723212541","values":[{"label":"92 cm (standard)","value":"92 cm (Standard)","selected":true,"tempId":"aco_58","options_cl":true,"relations":[{"operator":false,"rules":[{"operator":"AND","rules":{"cl_field":"","cl_relation":"","cl_val":""}}]}],"cl_rule":"show","gt_translate_keys":["label"]},{"label":"72 cm","value":"72 cm","selected":false,"tempId":"aco_46","gt_translate_keys":["label"]},{"label":"52 cm (nur RGB)","value":"52 cm (nur RGB)","selected":false,"tempId":"aco_60","gt_translate_keys":["label"]}],"dropdown_type":"basic","error":false,"mapToCheckout":false,"tooltip":"92 cm \u00e8 la lunghezza standard (accurata per il film).<br \/>\n52 cm \u00e8 disponibile solo per le spade laser RGB.","isWeightTemplate":false,"isTemplate":false,"min_quantity":"1","quantity_decimal":false,"quantity_step":"1","quantity_label":"Quantity","repeater_field_label":"{field_label}","repeater_bind":"","gt_translate_keys":["label","tooltip","repeater_field_label","quantity_label"],"price_dependency":false,"cl_dependency":false,"value":""}]]}},"config":{"price_override":"","enable_recaptcha":false,"bind_quantity":false,"quantity_bind_formula":false,"disp_summ_show_option_price":true,"disp_summ_show_product_price":true,"disp_summ_show_total_price":true,"disp_summ_show_fee":false,"disp_summ_show_discount":false,"summary_title":"","options_total_label":"Prezzo dell'opzione","total_label":"Totale","options_product_label":"Prezzo del prodotto","fee_label":"Geb\u00fchr","discount_label":"Rabatt","has_price":true,"has_quantity_formula":false},"mc_unit":1,"tax_rate":1,"tax_rate_real":0.08100000000000000255351295663786004297435283660888671875,"discount":{"percentage":0,"fixed":0},"design":{"conf":{"LabelPosition":"left","DescPosition":"above","UploadField":"custom_1","QuantityFieldStyle":"default"},"css":{"LeftLabelWidth":"120px"}},"formulas":[],"lookuptables":[],"clones":false,"cartKey":false}},"_links":{"self":[{"href":"https:\/\/swisssabers.ch\/it\/wp-json\/wp\/v2\/product\/21951","targetHints":{"allow":["GET"]}}],"collection":[{"href":"https:\/\/swisssabers.ch\/it\/wp-json\/wp\/v2\/product"}],"about":[{"href":"https:\/\/swisssabers.ch\/it\/wp-json\/wp\/v2\/types\/product"}],"version-history":[{"count":1,"href":"https:\/\/swisssabers.ch\/it\/wp-json\/wp\/v2\/product\/21951\/revisions"}],"predecessor-version":[{"id":24243,"href":"https:\/\/swisssabers.ch\/it\/wp-json\/wp\/v2\/product\/21951\/revisions\/24243"}],"wp:featuredmedia":[{"embeddable":true,"href":"https:\/\/swisssabers.ch\/it\/wp-json\/wp\/v2\/media\/21964"}],"wp:attachment":[{"href":"https:\/\/swisssabers.ch\/it\/wp-json\/wp\/v2\/media?parent=21951"}],"wp:term":[{"taxonomy":"produkt-filter","embeddable":true,"href":"https:\/\/swisssabers.ch\/it\/wp-json\/wp\/v2\/produkt-filter?post=21951"},{"taxonomy":"product_brand","embeddable":true,"href":"https:\/\/swisssabers.ch\/it\/wp-json\/wp\/v2\/product_brand?post=21951"},{"taxonomy":"product_cat","embeddable":true,"href":"https:\/\/swisssabers.ch\/it\/wp-json\/wp\/v2\/product_cat?post=21951"},{"taxonomy":"product_tag","embeddable":true,"href":"https:\/\/swisssabers.ch\/it\/wp-json\/wp\/v2\/product_tag?post=21951"}],"curies":[{"name":"wp","href":"https:\/\/api.w.org\/{rel}","templated":true}]}}