{"id":26505,"date":"2025-09-15T19:38:35","date_gmt":"2025-09-15T17:38:35","guid":{"rendered":"https:\/\/swisssabers.ch\/shop\/jedi-guerteltasche\/"},"modified":"2026-03-22T00:36:52","modified_gmt":"2026-03-21T23:36:52","slug":"jedi-guerteltasche","status":"publish","type":"product","link":"https:\/\/swisssabers.ch\/it\/negozio\/jedi-guerteltasche\/","title":{"rendered":"Marsupio da cintura Jedi | Marsupio multiuso | Vera pelle"},"content":{"rendered":"\n<p>Questo astuccio fatto a mano \u00e8 l&#8217;accessorio ideale per la tua cintura Jedi e offre un pratico spazio per riporre i piccoli oggetti. Pu\u00f2 essere infilato nella cintura per una vestibilit\u00e0 perfetta e si posiziona molto saldamente senza scivolare. <\/p>\n\n<p><br\/>Dimensioni: circa 10 cm x 7 cm x 4 cm<br\/>Colore: marrone<br\/>Peso: circa 0,2 kg<\/p>\n\n<p>Poich\u00e9 ogni borsa \u00e8 fatta a mano, possono verificarsi piccole imperfezioni.<br\/>Nota: la cintura Jedi non \u00e8 inclusa e pu\u00f2 essere ordinata separatamente.<\/p>\n","protected":false},"excerpt":{"rendered":"<p>Questo astuccio fatto a mano \u00e8 l&#8217;accessorio ideale per la tua cintura Jedi e offre un pratico spazio per riporre i piccoli oggetti. Pu\u00f2 essere infilato nella cintura per una vestibilit\u00e0 perfetta e si posiziona molto saldamente senza scivolare. Dimensioni: circa 10 cm x 7 cm x 4 cmColore: marronePeso: circa 0,2 kg Poich\u00e9 ogni [&hellip;]<\/p>\n","protected":false},"featured_media":26506,"template":"","meta":{"_acf_changed":false,"wds_primary_product_brand":0,"wds_primary_product_cat":0},"produkt-filter":[427],"product_brand":[],"product_cat":[347,368],"product_tag":[],"class_list":{"0":"post-26505","1":"product","2":"type-product","3":"status-publish","4":"has-post-thumbnail","6":"produkt-filter-cosplay-it","7":"product_cat-cosplay-it","8":"product_cat-cosplay-helle-seite-it","10":"first","11":"instock","12":"taxable","13":"shipping-taxable","14":"purchasable","15":"product-type-simple"},"acf":[],"wcpa_form_fields":null,"_links":{"self":[{"href":"https:\/\/swisssabers.ch\/it\/wp-json\/wp\/v2\/product\/26505","targetHints":{"allow":["GET"]}}],"collection":[{"href":"https:\/\/swisssabers.ch\/it\/wp-json\/wp\/v2\/product"}],"about":[{"href":"https:\/\/swisssabers.ch\/it\/wp-json\/wp\/v2\/types\/product"}],"version-history":[{"count":4,"href":"https:\/\/swisssabers.ch\/it\/wp-json\/wp\/v2\/product\/26505\/revisions"}],"predecessor-version":[{"id":34543,"href":"https:\/\/swisssabers.ch\/it\/wp-json\/wp\/v2\/product\/26505\/revisions\/34543"}],"wp:featuredmedia":[{"embeddable":true,"href":"https:\/\/swisssabers.ch\/it\/wp-json\/wp\/v2\/media\/26506"}],"wp:attachment":[{"href":"https:\/\/swisssabers.ch\/it\/wp-json\/wp\/v2\/media?parent=26505"}],"wp:term":[{"taxonomy":"produkt-filter","embeddable":true,"href":"https:\/\/swisssabers.ch\/it\/wp-json\/wp\/v2\/produkt-filter?post=26505"},{"taxonomy":"product_brand","embeddable":true,"href":"https:\/\/swisssabers.ch\/it\/wp-json\/wp\/v2\/product_brand?post=26505"},{"taxonomy":"product_cat","embeddable":true,"href":"https:\/\/swisssabers.ch\/it\/wp-json\/wp\/v2\/product_cat?post=26505"},{"taxonomy":"product_tag","embeddable":true,"href":"https:\/\/swisssabers.ch\/it\/wp-json\/wp\/v2\/product_tag?post=26505"}],"curies":[{"name":"wp","href":"https:\/\/api.w.org\/{rel}","templated":true}]}}