{"id":29111,"date":"2025-12-04T16:15:32","date_gmt":"2025-12-04T15:15:32","guid":{"rendered":"https:\/\/swisssabers.ch\/shop\/lichtschwert-wandhalterung-imperial-grid\/"},"modified":"2025-12-29T10:53:37","modified_gmt":"2025-12-29T09:53:37","slug":"lichtschwert-wandhalterung-imperial-grid","status":"publish","type":"product","link":"https:\/\/swisssabers.ch\/it\/negozio\/lichtschwert-wandhalterung-imperial-grid\/","title":{"rendered":"Supporto da parete Multi-Lightsaber | Lavagna in metallo con disegno della Morte Nera (60x40cm)"},"content":{"rendered":"\n<p>Architettura imperiale per la tua parete: l\u2019espositore premium con il look della Morte Nera<\/p>\n\n<p>Niente pi\u00f9 spade laser che prendono polvere sullo scaffale. Con il supporto da parete Swiss Sabers \u201cImperial Grid\u201d potrai esporre la tua collezione di spade laser come merita! <\/p>\n\n<p>Questa solida bacheca in metallo si ispira all\u2019architettura della stazione spaziale pi\u00f9 famosa della galassia. La superficie grigia anodizzata e gli iconici ritagli conferiscono alla tua parete un\u2019immediata atmosfera fantascientifica. <\/p>\n\n<ul class=\"wp-block-list\">\n<li>Massima flessibilit\u00e0: il set contiene 12 robusti ganci in metallo. Questo ti permette di progettare liberamente la disposizione e di presentarne fino a 6 in modo sicuro ed elegante. <\/li>\n\n\n\n<li>Predisposto per i LED (illuminazione ambientale): Un vero punto di forza per i modder! La profondit\u00e0 di 21,5 mm crea uno spazio vuoto all\u2019interno della scheda. Questo \u00e8 perfetto per installare le strisce LED (disponibili separatamente) e per creare la scena della tua collezione con una \u201cretroilluminazione\u201d spettacolare.  <\/li>\n\n\n\n<li>Qualit\u00e0 industriale: realizzata in acciaio spesso 1,5 mm, questa tavola pesa circa 2 kg. \u00c8 estremamente robusta e pu\u00f2 contenere senza problemi anche pesanti sciabole personalizzate. <\/li>\n\n\n\n<li>Installazione facile: tutto ci\u00f2 di cui hai bisogno \u00e8 incluso. Forniamo i tasselli e le viti giuste per fissare saldamente il pannello alla parete in pochi minuti. <\/li>\n<\/ul>\n\n<p>Dati tecnici:<\/p>\n\n<ul class=\"wp-block-list\">\n<li>Design: Griglia imperiale (aspetto della parete della Morte Nera)<\/li>\n\n\n\n<li>Materiale: acciaio (1,5 mm), anodizzato grigio<\/li>\n\n\n\n<li>Dimensioni: 600 x 400 x 21,5 mm<\/li>\n\n\n\n<li>Peso: circa 2,0 kg<\/li>\n\n\n\n<li>Capacit\u00e0: Ideale per un massimo di 6 spade laser (utilizzando 12 ganci)<\/li>\n<\/ul>\n\n<p>Ambito di consegna:<\/p>\n\n<ul class=\"wp-block-list\">\n<li>1x Pannello da parete in metallo \u201cGriglia Imperiale<\/li>\n\n\n\n<li>12x ganci (argento, metallo)<\/li>\n\n\n\n<li>4x viti e tasselli per il montaggio a parete<\/li>\n<\/ul>\n\n<p><em>Nota: le spade laser e l\u2019illuminazione a LED non sono incluse.<\/em><\/p>\n","protected":false},"excerpt":{"rendered":"<p data-path-to-node=\"20\">Trasforma la tua parete in una base imperiale. La <b>&#8220;Griglia Imperiale&#8221;<\/b> \u00e8 una solida bacheca in acciaio (60&#215;40 cm) con un look da Morte Nera. <\/p>\n<ul data-path-to-node=\"21\">\n<li>\n<p data-path-to-node=\"21,0,0\">Include <b>12 ganci flessibili<\/b> (per un massimo di 6 spade)<\/p>\n<\/li>\n<li>\n<p data-path-to-node=\"21,1,0\">Cavit\u00e0 per la <b>retroilluminazione a LED<\/b> opzionale<\/p>\n<\/li>\n<li>\n<p data-path-to-node=\"21,2,0\">Materiale di montaggio incluso (tasselli\/viti) <\/p>\n<\/li>\n<li>\n<p data-path-to-node=\"21,3,0\">Perfetto per tutte le spade laser Swiss Sabers.<\/p>\n<\/li>\n<\/ul>\n","protected":false},"featured_media":29112,"template":"","meta":{"_acf_changed":false,"wds_primary_product_brand":0,"wds_primary_product_cat":0},"produkt-filter":[430],"product_brand":[],"product_cat":[340],"product_tag":[],"class_list":{"0":"post-29111","1":"product","2":"type-product","3":"status-publish","4":"has-post-thumbnail","6":"produkt-filter-zubehoer-it","7":"product_cat-accessori","9":"first","10":"instock","11":"sale","12":"taxable","13":"shipping-taxable","14":"purchasable","15":"product-type-simple"},"acf":[],"wcpa_form_fields":null,"_links":{"self":[{"href":"https:\/\/swisssabers.ch\/it\/wp-json\/wp\/v2\/product\/29111","targetHints":{"allow":["GET"]}}],"collection":[{"href":"https:\/\/swisssabers.ch\/it\/wp-json\/wp\/v2\/product"}],"about":[{"href":"https:\/\/swisssabers.ch\/it\/wp-json\/wp\/v2\/types\/product"}],"version-history":[{"count":2,"href":"https:\/\/swisssabers.ch\/it\/wp-json\/wp\/v2\/product\/29111\/revisions"}],"predecessor-version":[{"id":30119,"href":"https:\/\/swisssabers.ch\/it\/wp-json\/wp\/v2\/product\/29111\/revisions\/30119"}],"wp:featuredmedia":[{"embeddable":true,"href":"https:\/\/swisssabers.ch\/it\/wp-json\/wp\/v2\/media\/29112"}],"wp:attachment":[{"href":"https:\/\/swisssabers.ch\/it\/wp-json\/wp\/v2\/media?parent=29111"}],"wp:term":[{"taxonomy":"produkt-filter","embeddable":true,"href":"https:\/\/swisssabers.ch\/it\/wp-json\/wp\/v2\/produkt-filter?post=29111"},{"taxonomy":"product_brand","embeddable":true,"href":"https:\/\/swisssabers.ch\/it\/wp-json\/wp\/v2\/product_brand?post=29111"},{"taxonomy":"product_cat","embeddable":true,"href":"https:\/\/swisssabers.ch\/it\/wp-json\/wp\/v2\/product_cat?post=29111"},{"taxonomy":"product_tag","embeddable":true,"href":"https:\/\/swisssabers.ch\/it\/wp-json\/wp\/v2\/product_tag?post=29111"}],"curies":[{"name":"wp","href":"https:\/\/api.w.org\/{rel}","templated":true}]}}