{"id":34551,"date":"2026-03-22T00:06:40","date_gmt":"2026-03-21T23:06:40","guid":{"rendered":"https:\/\/swisssabers.ch\/shop\/anakin-skywalker-kristall-kammer\/"},"modified":"2026-03-22T00:37:00","modified_gmt":"2026-03-21T23:37:00","slug":"anakin-skywalker-kristall-kammer","status":"publish","type":"product","link":"https:\/\/swisssabers.ch\/it\/negozio\/anakin-skywalker-kristall-kammer\/","title":{"rendered":"Anakin Skywalker | Camera di cristallo"},"content":{"rendered":"\n<p>Le nostre spade laser sono caratterizzate da una lavorazione di alta qualit\u00e0. Il manico \u00e8 in metallo (lega di alluminio), la lama \u00e8 in robusto policarbonato. Hanno molti colori delle lame, Soundfont, modalit\u00e0 ed effetti regolabili. Sono ideali per tutti i fan di Star Wars, sia Jedi che Sith, per i cosplayer o semplicemente per essere esposti e decorati da collezionisti e appassionati. <\/p>\n\n<ul class=\"wp-block-list\">\n<li>34+ (pixel) font audio preinstallati<\/li>\n\n\n\n<li>Colori delle lame regolabili illimitati<\/li>\n\n\n\n<li>Tavola armonica sensibile Smooth Swing<\/li>\n\n\n\n<li>Connettiti con l&#8217;app e regola le impostazioni con lo smartphone<\/li>\n\n\n\n<li>Batteria agli ioni di litio (ricaricabile e sostituibile)<\/li>\n\n\n\n<li>Manico: alluminio, lungo 28 cm<\/li>\n\n\n\n<li>Lama: policarbonato a diffusione luminosa, lunga 92 cm e con un diametro di 7\/8\u2033 (2,22 cm).<\/li>\n\n\n\n<li>Pu\u00f2 essere collegata per formare una spada laser a doppia lama: No<\/li>\n\n\n\n<li>Pu\u00f2 essere attaccato alla fibbia della cintura: S\u00ec<\/li>\n<\/ul>\n\n<p>Questo modello \u00e8 disponibile solo nella versione pixel (la versione RGB \u00e8 disponibile solo su richiesta). Puoi trovare maggiori informazioni alla pagina<a href=\"https:\/\/swisssabers.ch\/rgb-oder-pixel\/\">&#8220;RGB o Pixel?<\/a>&#8220;. <\/p>\n\n<p>Questa spada laser viene fornita in una <strong>custodia di qualit\u00e0 superiore<\/strong> con i seguenti contenuti e accessori:<\/p>\n\n<ul class=\"wp-block-list\">\n<li>Elsa della spada laser con lama neopixel<\/li>\n\n\n\n<li><strong>Supporto per spada laser<\/strong><\/li>\n\n\n\n<li><strong>Connettore a lama per emettitore di spada laser<\/strong><\/li>\n\n\n\n<li>Caricabatterie e cavo di ricarica<\/li>\n\n\n\n<li>Istruzioni per l&#8217;uso<\/li>\n\n\n\n<li>Viti per il montaggio + viti di ricambio<\/li>\n\n\n\n<li>Strumento<\/li>\n\n\n\n<li>Scheda SD + adattatore USB<\/li>\n<\/ul>\n\n<hr class=\"wp-block-separator has-alpha-channel-opacity\"\/>\n\n<h4 class=\"wp-block-heading\"><strong>Sensibile oscillazione liscia<\/strong>:<\/h4>\n\n<p>La spada laser reagisce alle oscillazioni e agli impatti con suoni ed effetti realistici.<\/p>\n\n<h4 class=\"wp-block-heading\"><strong>Colori delle lame regolabili<\/strong>:<\/h4>\n\n<p>Personalizza il colore della lama come desideri (rosso, blu, verde, viola, giallo, bianco e molto altro).<\/p>\n\n<h4 class=\"wp-block-heading\"><strong>Font sonore coinvolgenti<\/strong>:<\/h4>\n\n<p>Scegli tra 16 (RGB) e 34+ (Neopixel) font sonori o aggiungine di tuoi (la versione RGB richiede una scheda SD separata, gi\u00e0 disponibile per la versione Pixel).<\/p>\n\n<h4 class=\"wp-block-heading\"><strong>Suoni ed effetti sonori<\/strong>:<\/h4>\n\n<p>Blocco, difesa da blaster, effetti sonori per gli impatti, volume regolabile e molto altro ancora.<\/p>\n\n<h4 class=\"wp-block-heading\"><strong>Collegati allo smartphone<\/strong>:<\/h4>\n\n<p>Collega la tua spada laser via Bluetooth e regola i caratteri sonori, i colori della lama e altre impostazioni tramite l&#8217;app.<\/p>\n\n<h4 class=\"wp-block-heading\"><strong>Controlli di movimento<\/strong>:<\/h4>\n\n<p>Per accendere la spada laser usa i gesti di movimento, come girare o spingere in avanti.<\/p>\n\n<h4 class=\"wp-block-heading\"><strong>Batteria ricaricabile<\/strong>:<\/h4>\n\n<p>La batteria integrata agli ioni di litio pu\u00f2 essere facilmente ricaricata con il cavo di ricarica in dotazione.<\/p>\n\n<h4 class=\"wp-block-heading\"><strong>Robusto manico in alluminio:<\/strong><\/h4>\n\n<p>Ogni impugnatura \u00e8 realizzata in lega di alluminio, il che rende la spada laser particolarmente pregiata e resistente.<\/p>\n\n<h4 class=\"wp-block-heading\"><strong>Lama in policarbonato<\/strong>:<\/h4>\n\n<p>Se vuoi combattere un duello, la versione RGB \u00e8 la scelta migliore grazie alla sua robusta lama in policarbonato. La versione Pixel \u00e8 pi\u00f9 fragile a causa dei LED installati al suo interno e quindi non \u00e8 adatta ai combattimenti. <\/p>\n\n<p><\/p>\n","protected":false},"excerpt":{"rendered":"<p>Le nostre spade laser sono caratterizzate da una lavorazione di alta qualit\u00e0. Il manico \u00e8 in metallo (lega di alluminio), la lama \u00e8 in robusto policarbonato. Hanno molti colori delle lame, Soundfont, modalit\u00e0 ed effetti regolabili. Sono ideali per tutti i fan di Star Wars, sia Jedi che Sith, per i cosplayer o semplicemente per [&hellip;]<\/p>\n","protected":false},"featured_media":34552,"template":"","meta":{"_acf_changed":false,"wds_primary_product_brand":0,"wds_primary_product_cat":0},"produkt-filter":[401,410,415],"product_brand":[],"product_cat":[639,338],"product_tag":[],"class_list":{"0":"post-34551","1":"product","2":"type-product","3":"status-publish","4":"has-post-thumbnail","6":"produkt-filter-replika-lichtschwerter-it","7":"produkt-filter-helle-seite-it","8":"produkt-filter-prequels-it","9":"product_cat-custodia-supporto-e-spina-per-la-lama-inclusi","10":"product_cat-spade-laser-premium","11":"pa_version-pixel-it","12":"wcpa_has_options","14":"first","15":"instock","16":"taxable","17":"shipping-taxable","18":"purchasable","19":"product-type-variable","20":"has-default-attributes"},"acf":[],"wcpa_form_fields":{"wcpaData":{"product":{"product_price":479,"price_html":"<span class=\"woocommerce-Price-amount amount\"><bdi><span class=\"woocommerce-Price-currencySymbol\">&#67;&#72;&#70;<\/span>&nbsp;479.00<\/bdi><\/span>","original_product_price":479,"price_including_tax":479,"price_excluding_tax":443.10823299999998425846570171415805816650390625,"product_id":{"parent":34551,"variation":false},"is_variable":true,"stock_status":"instock","stock_quantity":null,"parent_sku":"","product_attributes":{"pa_version":{"is_variation":true,"values":[]}},"custom_fields":[],"is_taxable":true,"product_name":"Anakin Skywalker | Camera di cristallo","hasImage":false},"fields":{"sec_867d2f9e467f8d":{"extra":{"key":"sec_867d2f9e467f8d","section_id":"sec_867d2f9e467f8d","name":"Default","status":1,"cl_rule":"show","enableCl":false,"relations":[],"toggle":true,"title_tag":"h3","show_title":false,"showPrice":"default","form_id":33623,"form_rules":{"exclude_from_discount":false,"fee_label":"Geb\u00fchr","disp_hide_options_price":false,"disp_show_section_price":false,"disp_show_field_price":true,"layout_option":"standard","pric_use_as_fee":false,"process_fee_as":"woo_fee"},"layout_option":"standard"},"fields":[[{"active":true,"col":6,"relations":[],"cl_rule":"show","enableCl":false,"price":"","enablePrice":false,"className":"","label_position":"default","desc_position":"default","type":"image-group","required":false,"elementId":"image_9937392162","label":"Incluso gratuitamente","name":"image_9937392162","enable_popup":"all","multiple":true,"layOut":"inline","img_selection_type":"tick","disp_type":"squircle","values":[{"label":"Custodia","value":"Premium Koffer","selected":true,"image":"https:\/\/swisssabers.ch\/wp-content\/uploads\/2025\/03\/Koffer-1.png","thumb":"https:\/\/swisssabers.ch\/wp-content\/uploads\/2025\/03\/Koffer-1.png","tempId":"aco_967","image_id":21763,"tooltip":"","thumb_src":"https:\/\/swisssabers.ch\/wp-content\/uploads\/2025\/03\/Koffer-1-150x150.png","gt_translate_keys":["label","tooltip"]},{"label":"Blade Plug","value":"Blade Plug","selected":true,"image":"https:\/\/swisssabers.ch\/wp-content\/uploads\/2026\/03\/plug-fuer-emitter-1-min.jpg","thumb":"https:\/\/swisssabers.ch\/wp-content\/uploads\/2022\/12\/plug-fuer-emitter-2-150x150.png","tempId":"aco_968","image_id":1609,"tooltip":"","thumb_src":"https:\/\/swisssabers.ch\/wp-content\/uploads\/2022\/12\/plug-fuer-emitter-2-150x150.png","gt_translate_keys":["label","tooltip"]},{"label":"Supporto","value":"St\u00e4nder","selected":true,"image":"https:\/\/swisssabers.ch\/wp-content\/uploads\/2024\/10\/Staender-2-min.jpg","thumb":"https:\/\/swisssabers.ch\/wp-content\/uploads\/2024\/10\/Staender-2-min-150x150.jpg","tempId":"aco_37","image_id":17487,"thumb_src":"https:\/\/swisssabers.ch\/wp-content\/uploads\/2024\/10\/Staender-2-min-100x100.jpg","gt_translate_keys":["label"]}],"disp_size_img":{"width":"100","height":"100"},"error":false,"hideImageIn_cart":true,"hideImageIn_order":true,"hideImageIn_email":true,"tooltip":"Set premium gratuito incluso: Questa spada laser viene fornita con una robusta valigetta per il trasporto, un elegante supporto e un blade plug. Quest'ultimo garantisce un look cinematografico autentico e protegge i pin di contatto nei modelli Pixel. Nota: il design degli accessori pu\u00f2 variare a seconda del modello del prodotto.","options_tooltip":false,"hideFieldIn_cart":true,"hideFieldIn_order":true,"show_selected_option":false,"isWeightTemplate":false,"isTemplate":false,"img_preview_disable_mobile":true,"min_quantity":"1","quantity_decimal":false,"quantity_step":"1","quantity_label":"Quantity","repeater_field_label":"{field_label}","repeater_bind":"","enableDesign":false,"gt_translate_keys":["label","tooltip","repeater_field_label","quantity_label"],"price_dependency":false,"cl_dependency":false,"value":""}]]},"sec_167d2dcab61d33":{"extra":{"key":"sec_167d2dcab61d33","section_id":"sec_167d2dcab61d33","name":"Default","status":1,"cl_rule":"show","enableCl":false,"relations":[],"toggle":true,"title_tag":"h3","show_title":false,"showPrice":"default","form_id":22209,"form_rules":{"exclude_from_discount":false,"fee_label":"Geb\u00fchr","disp_hide_options_price":false,"disp_show_section_price":false,"disp_show_field_price":true,"layout_option":"standard","pric_use_as_fee":false,"process_fee_as":"woo_fee"},"layout_option":"standard"},"fields":[[{"active":true,"col":6,"relations":[{"operator":"or","rules":[{"operator":"or","rules":{"cl_field":"product_ids","cl_relation":"is","cl_val":16829,"cl_field_sub":""}},{"operator":"or","rules":{"cl_field":"product_ids","cl_relation":"is","cl_val":16742}},{"operator":"or","rules":{"cl_field":"product_ids","cl_relation":"is","cl_val":16729}},{"operator":"or","rules":{"cl_field":"product_ids","cl_relation":"is","cl_val":17038}},{"operator":"or","rules":{"cl_field":"product_ids","cl_relation":"is","cl_val":21951}},{"operator":"AND","rules":{"cl_field":"product_ids","cl_relation":"is","cl_val":25515}}]}],"cl_rule":"hide","enableCl":true,"price":"","enablePrice":false,"className":"","label_position":"default","desc_position":"default","type":"select","required":false,"elementId":"select_8723212541","label":"Lunghezza della lama","name":"select_8723212541","values":[{"label":"92 cm (standard)","value":"92 cm (Standard)","selected":true,"tempId":"aco_58","options_cl":true,"relations":[{"operator":false,"rules":[{"operator":"AND","rules":{"cl_field":"","cl_relation":"","cl_val":""}}]}],"cl_rule":"show","gt_translate_keys":["label"]},{"label":"72 cm","value":"72 cm","selected":false,"tempId":"aco_46","gt_translate_keys":["label"]},{"label":"52 cm (nur RGB)","value":"52 cm (nur RGB)","selected":false,"tempId":"aco_60","gt_translate_keys":["label"]}],"dropdown_type":"basic","error":false,"mapToCheckout":false,"tooltip":"92 cm \u00e8 la lunghezza standard (accurata per il film).<br \/>\n52 cm \u00e8 disponibile solo per le spade laser RGB.","isWeightTemplate":false,"isTemplate":false,"min_quantity":"1","quantity_decimal":false,"quantity_step":"1","quantity_label":"Quantity","repeater_field_label":"{field_label}","repeater_bind":"","gt_translate_keys":["label","tooltip","repeater_field_label","quantity_label"],"price_dependency":false,"cl_dependency":false,"value":""}]]}},"config":{"price_override":"","enable_recaptcha":false,"bind_quantity":false,"quantity_bind_formula":false,"disp_summ_show_option_price":true,"disp_summ_show_product_price":true,"disp_summ_show_total_price":true,"disp_summ_show_fee":false,"disp_summ_show_discount":false,"summary_title":"","options_total_label":"Prezzo dell'opzione","total_label":"Totale","options_product_label":"Prezzo del prodotto","fee_label":"Geb\u00fchr","discount_label":"Rabatt","has_price":true,"has_quantity_formula":false},"mc_unit":1,"tax_rate":1,"tax_rate_real":0.08100000000000000255351295663786004297435283660888671875,"discount":{"percentage":0,"fixed":0},"design":{"conf":{"LabelPosition":"left","DescPosition":"above","UploadField":"custom_1","QuantityFieldStyle":"default"},"css":{"LeftLabelWidth":"120px"}},"formulas":[],"lookuptables":[],"clones":false,"cartKey":false}},"_links":{"self":[{"href":"https:\/\/swisssabers.ch\/it\/wp-json\/wp\/v2\/product\/34551","targetHints":{"allow":["GET"]}}],"collection":[{"href":"https:\/\/swisssabers.ch\/it\/wp-json\/wp\/v2\/product"}],"about":[{"href":"https:\/\/swisssabers.ch\/it\/wp-json\/wp\/v2\/types\/product"}],"version-history":[{"count":1,"href":"https:\/\/swisssabers.ch\/it\/wp-json\/wp\/v2\/product\/34551\/revisions"}],"predecessor-version":[{"id":34572,"href":"https:\/\/swisssabers.ch\/it\/wp-json\/wp\/v2\/product\/34551\/revisions\/34572"}],"wp:featuredmedia":[{"embeddable":true,"href":"https:\/\/swisssabers.ch\/it\/wp-json\/wp\/v2\/media\/34552"}],"wp:attachment":[{"href":"https:\/\/swisssabers.ch\/it\/wp-json\/wp\/v2\/media?parent=34551"}],"wp:term":[{"taxonomy":"produkt-filter","embeddable":true,"href":"https:\/\/swisssabers.ch\/it\/wp-json\/wp\/v2\/produkt-filter?post=34551"},{"taxonomy":"product_brand","embeddable":true,"href":"https:\/\/swisssabers.ch\/it\/wp-json\/wp\/v2\/product_brand?post=34551"},{"taxonomy":"product_cat","embeddable":true,"href":"https:\/\/swisssabers.ch\/it\/wp-json\/wp\/v2\/product_cat?post=34551"},{"taxonomy":"product_tag","embeddable":true,"href":"https:\/\/swisssabers.ch\/it\/wp-json\/wp\/v2\/product_tag?post=34551"}],"curies":[{"name":"wp","href":"https:\/\/api.w.org\/{rel}","templated":true}]}}