{"id":35068,"date":"2026-03-23T17:05:57","date_gmt":"2026-03-23T16:05:57","guid":{"rendered":"https:\/\/swisssabers.ch\/shop\/obi-wan-anakin-lichtschwert-bundle\/"},"modified":"2026-03-24T13:22:51","modified_gmt":"2026-03-24T12:22:51","slug":"obi-wan-anakin-lichtschwert-bundle","status":"publish","type":"product","link":"https:\/\/swisssabers.ch\/it\/negozio\/obi-wan-anakin-lichtschwert-bundle\/","title":{"rendered":"Pacchetto spada laser &#8220;Fallen Brotherhood&#8221; | Anakin &amp; Obi-Wan SE | Edizioni semplificate"},"content":{"rendered":"\n<p>Le nostre spade laser sono caratterizzate da una lavorazione di alta qualit\u00e0. Il manico \u00e8 in metallo (lega di alluminio), la lama \u00e8 in robusto policarbonato. Hanno molti colori delle lame, Soundfont, modalit\u00e0 ed effetti regolabili. Sono ideali per tutti i fan di Star Wars, sia Jedi che Sith, per i cosplayer o semplicemente per essere esposti e decorati da collezionisti e appassionati. <\/p>\n\n<ul class=\"wp-block-list\">\n<li>34+ (pixel) font audio preinstallati<\/li>\n\n\n\n<li>Colori delle lame regolabili illimitati<\/li>\n\n\n\n<li>Tavola armonica sensibile Smooth Swing<\/li>\n\n\n\n<li>Connettiti con l&#8217;app e regola le impostazioni con lo smartphone<\/li>\n\n\n\n<li>Batteria agli ioni di litio (ricaricabile e sostituibile)<\/li>\n\n\n\n<li>Manico: alluminio, lungo circa 32 cm<\/li>\n\n\n\n<li>Lama: policarbonato a diffusione luminosa, lunga 92 cm e con un diametro di 1\u2033 (2,54 cm).<\/li>\n\n\n\n<li>Pu\u00f2 essere collegata per formare una spada laser a doppia lama: No<\/li>\n\n\n\n<li>Pu\u00f2 essere attaccato alla fibbia della cintura: S\u00ec<\/li>\n<\/ul>\n\n<p>Questo modello \u00e8 disponibile solo nella versione pixel (la versione RGB \u00e8 disponibile solo su richiesta). Puoi trovare maggiori informazioni alla pagina<a href=\"https:\/\/swisssabers.ch\/rgb-oder-pixel\/\">&#8220;RGB o Pixel?<\/a>&#8220;. <\/p>\n\n<p>Questa spada laser viene fornita in una <strong>custodia di qualit\u00e0 superiore<\/strong> con i seguenti contenuti e accessori:<\/p>\n\n<ul class=\"wp-block-list\">\n<li>Elsa della spada laser con lama<\/li>\n\n\n\n<li>Caricabatterie e cavo di ricarica<\/li>\n\n\n\n<li>Istruzioni per l&#8217;uso<\/li>\n\n\n\n<li>Viti per il montaggio + viti di ricambio<\/li>\n\n\n\n<li>Strumento<\/li>\n\n\n\n<li>Scheda SD + adattatore USB<\/li>\n<\/ul>\n\n<hr class=\"wp-block-separator has-alpha-channel-opacity\"\/>\n\n<h4 class=\"wp-block-heading\"><strong>Sensibile oscillazione liscia<\/strong>:<\/h4>\n\n<p>La spada laser reagisce alle oscillazioni e agli impatti con suoni ed effetti realistici.<\/p>\n\n<h4 class=\"wp-block-heading\"><strong>Colori delle lame regolabili<\/strong>:<\/h4>\n\n<p>Personalizza il colore della lama come desideri (rosso, blu, verde, viola, giallo, bianco e molto altro).<\/p>\n\n<h4 class=\"wp-block-heading\"><strong>Font sonore coinvolgenti<\/strong>:<\/h4>\n\n<p>Scegli tra 16 (RGB) e 34+ (Neopixel) font sonori o aggiungine di tuoi (la versione RGB richiede una scheda SD separata, gi\u00e0 disponibile per la versione Pixel).<\/p>\n\n<h4 class=\"wp-block-heading\"><strong>Suoni ed effetti sonori<\/strong>:<\/h4>\n\n<p>Blocco, difesa da blaster, effetti sonori per gli impatti, volume regolabile e molto altro ancora.<\/p>\n\n<h4 class=\"wp-block-heading\"><strong>Collegati allo smartphone<\/strong>:<\/h4>\n\n<p>Collega la tua spada laser via Bluetooth e regola i caratteri sonori, i colori della lama e altre impostazioni tramite l&#8217;app.<\/p>\n\n<h4 class=\"wp-block-heading\"><strong>Controlli di movimento<\/strong>:<\/h4>\n\n<p>Per accendere la spada laser usa i gesti di movimento, come girare o spingere in avanti.<\/p>\n\n<h4 class=\"wp-block-heading\"><strong>Batteria ricaricabile<\/strong>:<\/h4>\n\n<p>La batteria integrata agli ioni di litio pu\u00f2 essere facilmente ricaricata con il cavo di ricarica in dotazione.<\/p>\n\n<h4 class=\"wp-block-heading\"><strong>Robusto manico in alluminio:<\/strong><\/h4>\n\n<p>Ogni impugnatura \u00e8 realizzata in lega di alluminio, il che rende la spada laser particolarmente pregiata e resistente.<\/p>\n\n<h4 class=\"wp-block-heading\"><strong>Lama in policarbonato<\/strong>:<\/h4>\n\n<p>Se vuoi combattere un duello, la versione RGB \u00e8 la scelta migliore grazie alla sua robusta lama in policarbonato. La versione Pixel \u00e8 pi\u00f9 fragile a causa dei LED installati al suo interno e quindi non \u00e8 adatta ai combattimenti. <\/p>\n\n<p><\/p>\n","protected":false},"excerpt":{"rendered":"<p>Le nostre spade laser sono caratterizzate da una lavorazione di alta qualit\u00e0. Il manico \u00e8 in metallo (lega di alluminio), la lama \u00e8 in robusto policarbonato. Hanno molti colori delle lame, Soundfont, modalit\u00e0 ed effetti regolabili. Sono ideali per tutti i fan di Star Wars, sia Jedi che Sith, per i cosplayer o semplicemente per [&hellip;]<\/p>\n","protected":false},"featured_media":35069,"template":"","meta":{"_acf_changed":false,"wds_primary_product_brand":0,"wds_primary_product_cat":0},"produkt-filter":[406,410,415],"product_brand":[],"product_cat":[469,363],"product_tag":[],"class_list":{"0":"post-35068","1":"product","2":"type-product","3":"status-publish","4":"has-post-thumbnail","6":"produkt-filter-kampftauglich-rgb-it","7":"produkt-filter-helle-seite-it","8":"produkt-filter-prequels-it","9":"product_cat-fardelli","10":"product_cat-ohne-koffer-it","11":"pa_version-rgb-it","12":"pa_version-pixel-it","13":"wcpa_has_options","15":"first","16":"instock","17":"sale","18":"taxable","19":"shipping-taxable","20":"purchasable","21":"product-type-variable","22":"has-default-attributes"},"acf":[],"wcpa_form_fields":{"wcpaData":{"product":{"product_price":398,"price_html":"<del><span class=\"woocommerce-Price-amount amount\"><bdi><span class=\"woocommerce-Price-currencySymbol\">&#67;&#72;&#70;<\/span>&nbsp;398.00<\/bdi><\/span><\/del><br><span style=\"color:red;\">da <span class=\"woocommerce-Price-amount amount\"><bdi><span class=\"woocommerce-Price-currencySymbol\">&#67;&#72;&#70;<\/span>&nbsp;299.00<\/bdi><\/span><\/span>","original_product_price":398,"price_including_tax":299,"price_excluding_tax":276.59574500000002217348082922399044036865234375,"product_id":{"parent":35068,"variation":false},"is_variable":true,"stock_status":"instock","stock_quantity":null,"parent_sku":"","product_attributes":{"pa_version":{"is_variation":true,"values":[]}},"custom_fields":[],"is_taxable":true,"product_name":"Pacchetto spada laser \"Fallen Brotherhood\" | Anakin &amp; Obi-Wan SE | Edizioni semplificate","hasImage":false},"fields":{"sec_867d2e3cf793f5":{"extra":{"key":"sec_867d2e3cf793f5","section_id":"sec_867d2e3cf793f5","name":"Default","status":1,"cl_rule":"show","enableCl":false,"relations":[],"toggle":true,"title_tag":"h3","show_title":false,"showPrice":"default","form_id":22206,"form_rules":{"exclude_from_discount":false,"fee_label":"Geb\u00fchr","disp_hide_options_price":false,"disp_show_section_price":false,"disp_show_field_price":true,"layout_option":"standard","pric_use_as_fee":false,"process_fee_as":"woo_fee"},"layout_option":"standard"},"fields":[[{"active":true,"col":5,"relations":false,"cl_rule":"show","enableCl":false,"price":"","enablePrice":true,"className":"","label_position":"default","desc_position":"default","type":"image-group","required":false,"elementId":"image_1429953213","label":"Imballaggio","name":"image_1429953213","enable_popup":"all","multiple":false,"layOut":"col-2","img_selection_type":"tick","disp_type":"squircle","values":[{"label":"Scatola di cartone","value":"Kartonbox","selected":false,"image":"https:\/\/swisssabers.ch\/wp-content\/uploads\/2024\/06\/Karton.webp","thumb":"https:\/\/swisssabers.ch\/wp-content\/uploads\/2024\/06\/Karton-150x150.webp","tempId":"aco_5640","image_id":10601,"price":"0","thumb_src":"https:\/\/swisssabers.ch\/wp-content\/uploads\/2024\/06\/Karton-100x100.webp","gt_translate_keys":["label"]},{"label":"Custodia premium","value":"Premium Koffer","selected":false,"image":"https:\/\/swisssabers.ch\/wp-content\/uploads\/2025\/03\/Koffer-1.png","thumb":"https:\/\/swisssabers.ch\/wp-content\/uploads\/2025\/03\/Koffer-1-150x150.png","tempId":"aco_5641","image_id":21763,"price":"99","thumb_src":"https:\/\/swisssabers.ch\/wp-content\/uploads\/2025\/03\/Koffer-1-150x150.png","gt_translate_keys":["label"]}],"disp_size_img":{"width":75,"height":75},"error":false,"description":"","tooltip":"Questo prodotto viene fornito di serie in una scatola di cartone. Su richiesta, puoi effettuare l'upgrade alla elegante custodia premium.","priceOptions":"different_for_all","pricingType":"fixed","hideImageIn_cart":true,"hideImageIn_order":true,"hideImageIn_email":true,"gt_translate_keys":["label","description","tooltip"],"price_dependency":false,"cl_dependency":false,"value":""}]]}},"config":{"price_override":"","enable_recaptcha":false,"bind_quantity":false,"quantity_bind_formula":false,"disp_summ_show_option_price":true,"disp_summ_show_product_price":true,"disp_summ_show_total_price":true,"disp_summ_show_fee":false,"disp_summ_show_discount":false,"summary_title":"","options_total_label":"Prezzo dell'opzione","total_label":"Totale","options_product_label":"Prezzo del prodotto","fee_label":"Geb\u00fchr","discount_label":"Rabatt","has_price":true,"has_quantity_formula":false},"mc_unit":1,"tax_rate":1,"tax_rate_real":0.08100000000000000255351295663786004297435283660888671875,"discount":{"percentage":0,"fixed":0},"design":{"conf":{"LabelPosition":"left","DescPosition":"above","UploadField":"custom_1","QuantityFieldStyle":"default"},"css":{"LeftLabelWidth":"120px"}},"formulas":[],"lookuptables":[],"clones":false,"cartKey":false}},"_links":{"self":[{"href":"https:\/\/swisssabers.ch\/it\/wp-json\/wp\/v2\/product\/35068","targetHints":{"allow":["GET"]}}],"collection":[{"href":"https:\/\/swisssabers.ch\/it\/wp-json\/wp\/v2\/product"}],"about":[{"href":"https:\/\/swisssabers.ch\/it\/wp-json\/wp\/v2\/types\/product"}],"version-history":[{"count":1,"href":"https:\/\/swisssabers.ch\/it\/wp-json\/wp\/v2\/product\/35068\/revisions"}],"predecessor-version":[{"id":35072,"href":"https:\/\/swisssabers.ch\/it\/wp-json\/wp\/v2\/product\/35068\/revisions\/35072"}],"wp:featuredmedia":[{"embeddable":true,"href":"https:\/\/swisssabers.ch\/it\/wp-json\/wp\/v2\/media\/35069"}],"wp:attachment":[{"href":"https:\/\/swisssabers.ch\/it\/wp-json\/wp\/v2\/media?parent=35068"}],"wp:term":[{"taxonomy":"produkt-filter","embeddable":true,"href":"https:\/\/swisssabers.ch\/it\/wp-json\/wp\/v2\/produkt-filter?post=35068"},{"taxonomy":"product_brand","embeddable":true,"href":"https:\/\/swisssabers.ch\/it\/wp-json\/wp\/v2\/product_brand?post=35068"},{"taxonomy":"product_cat","embeddable":true,"href":"https:\/\/swisssabers.ch\/it\/wp-json\/wp\/v2\/product_cat?post=35068"},{"taxonomy":"product_tag","embeddable":true,"href":"https:\/\/swisssabers.ch\/it\/wp-json\/wp\/v2\/product_tag?post=35068"}],"curies":[{"name":"wp","href":"https:\/\/api.w.org\/{rel}","templated":true}]}}